{"id":1042,"date":"2022-09-05T12:09:51","date_gmt":"2022-09-05T17:09:51","guid":{"rendered":"http:\/\/andresvilchis.mx\/?page_id=1042"},"modified":"2022-09-19T18:05:46","modified_gmt":"2022-09-19T23:05:46","slug":"acerca-de-mi","status":"publish","type":"page","link":"https:\/\/andresvilchis.mx\/index.php\/acerca-de-mi\/","title":{"rendered":"Acerca de mi"},"content":{"rendered":"<p>[vc_row css=&#8221;.vc_custom_1662405310629{margin-bottom: 40px !important;}&#8221;][vc_column]      <div class=\"elstn-portfolio-picture popup  \">\n        <a href=\"https:\/\/andresvilchis.mx\/wp-content\/uploads\/2022\/09\/Andres-Vilchis-Galeria-scaled.jpg\"><img decoding=\"async\" src=\"https:\/\/andresvilchis.mx\/wp-content\/uploads\/2022\/09\/Andres-Vilchis-Galeria-scaled.jpg\" alt=\"\"><\/a>\n      <\/div>\n    \t\t    <div class=\"elstn-detail-wrap elstn-detail-one \">\r\n          <div class=\"wrapper\">\r\n            <div class=\"elstn-heading-wrap\">\r\n              <h2 class=\"elstn-heading\">Acerca de mi<\/h2>\r\n              <span class=\"elstn-sub-heading\"><\/span>\r\n            <\/div>\r\n            <p style=\"line-height:1.9;\"><\/p>\n<h2 style=\"text-align: center;\">Andr\u00e9s Vilchis Rodr\u00edguez<\/h2>\n<h4 style=\"text-align: center;\"><span style=\"color: #800000;\">\u201cAvilchis75\u201d<\/span><\/h4>\n<h4 style=\"text-align: left;\"><span style=\"color: #999999;\"><strong>Semblanza<\/strong><\/span><\/h4>\n<p style=\"text-align: justify;\">Andr\u00e9s Vilchis nace en la Ciudad de M\u00e9xico un 12 de agosto de 1975. Desde muy peque\u00f1o mostraba el gusto por el dibujo y la escultura en plastilina y fue durante su infancia y adolescencia que tuvo los primeros acercamientos con las artes pl\u00e1sticas. Mientras visitaba a su Padre en su trabajo, en Palacio Nacional, no perd\u00eda la oportunidad de admirar en detalle las incre\u00edbles obras de los grandes Maestros Muralistas mexicanos, que sin duda le inspiraron y que han sido un referente para el artista. Los colores vibrantes, la maestr\u00eda de los trazos y las escenas \u00e9picas capturadas en las paredes de aquel sitio, le hac\u00eda volar la imaginaci\u00f3n.<\/p>\n<p style=\"text-align: justify;\">Fue durante su infancia, visitando el Castillo de Chapultepec, que se encontr\u00f3 cara a cara con la que ser\u00eda la obra que dej\u00f3 una huella profunda en \u00e9l. Caminando por all\u00ed, en alg\u00fan momento se perdi\u00f3 en el lugar y repentinamente se encontr\u00f3 en una sala vac\u00eda y con un espectacular cuadro pintado por el Maestro Jorge Gonz\u00e1lez Camarena, quien plasm\u00f3 en una poderosa escena, la fusi\u00f3n de dos culturas. Cuenta el artista que se qued\u00f3 impactado y mirando la obra, hasta que sus padres le encontraron. All\u00ed vio consumado algo que habitaba en \u00e9l desde hac\u00eda mucho tiempo: la pasi\u00f3n por la pl\u00e1stica y los colores, la materializaci\u00f3n de la inspiraci\u00f3n e imaginaci\u00f3n y su inexplicable conexi\u00f3n con el pasado prehisp\u00e1nico.<\/p>\n<p style=\"text-align: justify;\">Por azares del destino, la vida le llevo a estudiar una Licenciatura en Contadur\u00eda P\u00fablica en la UNAM y a dedicarse durante m\u00e1s de 25 a\u00f1os al ejercicio profesional en el \u00e1rea de Recursos Humanos, sin embargo, su pasi\u00f3n por el dibujo y la escultura siempre estuvieron presentes. Fue hasta el a\u00f1o 2021 que un evento sacudi\u00f3 su existencia y le hizo replantear el rumbo, as\u00ed como animarle a abrazar una carrera como artista pl\u00e1stico y de compartir con el mundo su propuesta art\u00edstica.<\/p>\n<p style=\"text-align: justify;\">Con influencias del arte prehisp\u00e1nico y su interpretaci\u00f3n de los sue\u00f1os, en sus obras trata de expresar su visi\u00f3n de \u201cmirar hacia adentro\u201d. Muchos de los personajes que son constructo de su imaginaci\u00f3n, cuentan una historia, algunos mantienen los ojos cerrados contemplando el interior, otros, por el contrario, mantienen una mirada profunda hacia alg\u00fan punto en espec\u00edfico en b\u00fasqueda de respuestas, adem\u00e1s cohabitan con entidades como los grandes animales sagrados de la antig\u00fcedad como el Jaguar, el \u00e1guila, el quetzal, las mariposas, los colibr\u00edes, elementos como el fuego, el aire, la tierra o el agua, o bien entidades que habitan entre el mundo de los vivos y de los que han trascendido.<\/p>\n<p style=\"text-align: justify;\">El artista plasma su propuesta en materiales tan diversos como la plastilina, la plastilina ep\u00f3xica, la madera, el unicel, los l\u00e1pices de colores, el \u00f3leo y la pintura vin\u00edlica, plasmando sus ideas en las paredes, puertas en desuso, lienzos y en diversas superficies. \u201cAll\u00ed donde la inspiraci\u00f3n y la imaginaci\u00f3n indiquen\u201d all\u00ed nacer\u00e1 la obra, indica el artista.<\/p>\n<p><\/p>\r\n            <p style=\"line-height:1.9;\"> <a href=\"\" ><\/a><\/p>\r\n          <\/div>\r\n                  <\/div>\r\n        [\/vc_column][\/vc_row][vc_row][vc_column width=&#8221;1\/2&#8243;]      <div class=\"gallery-item popup  \">\n        <a href=\"https:\/\/andresvilchis.mx\/wp-content\/uploads\/2022\/09\/Acerca-04.jpg\"><img decoding=\"async\" src=\"https:\/\/andresvilchis.mx\/wp-content\/uploads\/2022\/09\/Acerca-04.jpg\" alt=\"\"><\/a>\n        <span>Andr\u00e9s Vilchis<\/span>\n      <\/div>\n    [\/vc_column][vc_column width=&#8221;1\/2&#8243;]      <div class=\"gallery-item popup  \">\n        <a href=\"https:\/\/andresvilchis.mx\/wp-content\/uploads\/2022\/09\/Acerca-06.jpg\"><img decoding=\"async\" src=\"https:\/\/andresvilchis.mx\/wp-content\/uploads\/2022\/09\/Acerca-06.jpg\" alt=\"\"><\/a>\n        <span>Andr\u00e9s Vilchis<\/span>\n      <\/div>\n    [\/vc_column][\/vc_row]<\/p>\n","protected":false},"excerpt":{"rendered":"[vc_row css=&#8221;.vc_custom_1662405310629{margin-bottom: 40px !important;}&#8221;][vc_column][\/vc_column][\/vc_row][vc_row][vc_column width=&#8221;1\/2&#8243;][\/vc_column][vc_column width=&#8221;1\/2&#8243;][\/vc_column][\/vc_row]","protected":false},"author":1,"featured_media":0,"parent":0,"menu_order":0,"comment_status":"closed","ping_status":"closed","template":"","meta":{"om_disable_all_campaigns":false,"_monsterinsights_skip_tracking":false,"_monsterinsights_sitenote_active":false,"_monsterinsights_sitenote_note":"","_monsterinsights_sitenote_category":0,"footnotes":""},"aioseo_notices":[],"_links":{"self":[{"href":"https:\/\/andresvilchis.mx\/index.php\/wp-json\/wp\/v2\/pages\/1042"}],"collection":[{"href":"https:\/\/andresvilchis.mx\/index.php\/wp-json\/wp\/v2\/pages"}],"about":[{"href":"https:\/\/andresvilchis.mx\/index.php\/wp-json\/wp\/v2\/types\/page"}],"author":[{"embeddable":true,"href":"https:\/\/andresvilchis.mx\/index.php\/wp-json\/wp\/v2\/users\/1"}],"replies":[{"embeddable":true,"href":"https:\/\/andresvilchis.mx\/index.php\/wp-json\/wp\/v2\/comments?post=1042"}],"version-history":[{"count":77,"href":"https:\/\/andresvilchis.mx\/index.php\/wp-json\/wp\/v2\/pages\/1042\/revisions"}],"predecessor-version":[{"id":1799,"href":"https:\/\/andresvilchis.mx\/index.php\/wp-json\/wp\/v2\/pages\/1042\/revisions\/1799"}],"wp:attachment":[{"href":"https:\/\/andresvilchis.mx\/index.php\/wp-json\/wp\/v2\/media?parent=1042"}],"curies":[{"name":"wp","href":"https:\/\/api.w.org\/{rel}","templated":true}]}}