{"id":1097,"date":"2022-09-06T16:08:24","date_gmt":"2022-09-06T21:08:24","guid":{"rendered":"http:\/\/andresvilchis.mx\/?page_id=1097"},"modified":"2022-09-06T16:12:49","modified_gmt":"2022-09-06T21:12:49","slug":"contacto","status":"publish","type":"page","link":"https:\/\/andresvilchis.mx\/index.php\/contacto\/","title":{"rendered":"Contacto"},"content":{"rendered":"<p>[vc_row][vc_column]<div id=\"map-69fe1580c9a0e\" class=\"elstn-custom-map  elstn-gmap-69fe1580c9a0e\"><\/div>    <script type=\"text\/javascript\">\n    \/\/ Custom Map Script\n    jQuery(document).ready(function($) {\n      $(\"#map-69fe1580c9a0e\").googleMap({\n        zoom: 18,\n        type: \"ROADMAP\",\n        styles: [{\"featureType\":\"landscape\",\"stylers\":[{\"hue\":\"#FFBB00\"},{\"saturation\":43.400000000000006},{\"lightness\":37.599999999999994},{\"gamma\":1}]},{\"featureType\":\"road.highway\",\"stylers\":[{\"hue\":\"#FFC200\"},{\"saturation\":-61.8},{\"lightness\":45.599999999999994},{\"gamma\":1}]},{\"featureType\":\"road.arterial\",\"stylers\":[{\"hue\":\"#FF0300\"},{\"saturation\":-100},{\"lightness\":51.19999999999999},{\"gamma\":1}]},{\"featureType\":\"road.local\",\"stylers\":[{\"hue\":\"#FF0300\"},{\"saturation\":-100},{\"lightness\":52},{\"gamma\":1}]},{\"featureType\":\"water\",\"stylers\":[{\"hue\":\"#0078FF\"},{\"saturation\":-13.200000000000003},{\"lightness\":2.4000000000000057},{\"gamma\":1}]},{\"featureType\":\"poi\",\"stylers\":[{\"hue\":\"#00FF6A\"},{\"saturation\":-1.0989010989011234},{\"lightness\":11.200000000000017},{\"gamma\":1}]}],\n        streetViewControl: false,\n        scrollwheel: false,\n        mapTypeControl: false,\n                      coords: [19.58358600416604, -99.01720822378964],\n                    });\n            $(\"#map-69fe1580c9a0e\").addMarker({\n        coords: [19.58358600416604, -99.01720822378964],\n        icon: 'https:\/\/andresvilchis.mx\/wp-content\/plugins\/elston-core\/assets\/images\/map-marker.png',\n                      });\n          });\n    <\/script>\n[\/vc_column][\/vc_row][vc_row overlay_dotted=&#8221;&#8221; el_class=&#8221;container&#8221; css=&#8221;.vc_custom_1478375621992{padding-top: 100px !important;padding-bottom: 90px !important;}&#8221;][vc_column width=&#8221;1\/3&#8243; css=&#8221;.vc_custom_1488697517715{padding-right: 15px !important;padding-left: 15px !important;}&#8221;]<div class=\"contact-list \"><h4>Cont\u00e1ctanos<\/h4><p>Escr\u00edbenos un mensaje utilizando el siguiente formulario o solo env\u00edanos un correo a la siguiente direcci\u00f3n:<br \/>\n<a href=\"mailto:info@andresvilchis.mx\">info@andresvilchis.mx<\/a><\/p>\n<div class=\"block clearfix\"><a href=\"tel:+551234 5678\">+(55)1234 5678<\/a><\/div><div class=\"block clearfix\"><a href=\"tel:+5512345678\">+(55)12345678<\/a><\/div><\/div><div class=\"contact-list \"><h4>Ubicaci\u00f3n<\/h4><p>Arte Prehisp\u00e1nico<br \/>\nCDMX, M\u00e9xico<br \/>\nCDMX, M\u00e9xico<\/p><\/div>[\/vc_column][vc_column width=&#8221;2\/3&#8243; css=&#8221;.vc_custom_1488697524634{padding-right: 15px !important;padding-left: 15px !important;}&#8221;][vc_column_text]<\/p>\n<h3>Formulario de Contacto<\/h3>\n<h5>Llene el siguiente formulario y en breve me comunicare con usted:<\/h5>\n<p>[\/vc_column_text]\n<div class=\"wpcf7 no-js\" id=\"wpcf7-f5-o1\" lang=\"es-MX\" dir=\"ltr\">\n<div class=\"screen-reader-response\"><p role=\"status\" aria-live=\"polite\" aria-atomic=\"true\"><\/p> <ul><\/ul><\/div>\n<form action=\"\/index.php\/wp-json\/wp\/v2\/pages\/1097#wpcf7-f5-o1\" method=\"post\" class=\"wpcf7-form init\" aria-label=\"Formulario de contacto\" novalidate=\"novalidate\" data-status=\"init\">\n<div style=\"display: none;\">\n<input type=\"hidden\" name=\"_wpcf7\" value=\"5\" \/>\n<input type=\"hidden\" name=\"_wpcf7_version\" value=\"5.9.5\" \/>\n<input type=\"hidden\" name=\"_wpcf7_locale\" value=\"es_MX\" \/>\n<input type=\"hidden\" name=\"_wpcf7_unit_tag\" value=\"wpcf7-f5-o1\" \/>\n<input type=\"hidden\" name=\"_wpcf7_container_post\" value=\"0\" \/>\n<input type=\"hidden\" name=\"_wpcf7_posted_data_hash\" value=\"\" \/>\n<\/div>\n<p><label> Ingresa tu Nombre<br \/>\n<span class=\"wpcf7-form-control-wrap\" data-name=\"your-name\"><input size=\"40\" class=\"wpcf7-form-control wpcf7-text wpcf7-validates-as-required\" aria-required=\"true\" aria-invalid=\"false\" value=\"\" type=\"text\" name=\"your-name\" \/><\/span> <\/label>\n<\/p>\n<p><label> Ingresa tu Correo electr\u00f3nico<br \/>\n<span class=\"wpcf7-form-control-wrap\" data-name=\"your-email\"><input size=\"40\" class=\"wpcf7-form-control wpcf7-email wpcf7-validates-as-required wpcf7-text wpcf7-validates-as-email\" aria-required=\"true\" aria-invalid=\"false\" value=\"\" type=\"email\" name=\"your-email\" \/><\/span> <\/label>\n<\/p>\n<p><label> Asunto<br \/>\n<span class=\"wpcf7-form-control-wrap\" data-name=\"your-subject\"><input size=\"40\" class=\"wpcf7-form-control wpcf7-text wpcf7-validates-as-required\" aria-required=\"true\" aria-invalid=\"false\" value=\"\" type=\"text\" name=\"your-subject\" \/><\/span> <\/label>\n<\/p>\n<p><label> D\u00e9janos un mensaje (opcional)<br \/>\n<span class=\"wpcf7-form-control-wrap\" data-name=\"your-message\"><textarea cols=\"40\" rows=\"10\" class=\"wpcf7-form-control wpcf7-textarea\" aria-invalid=\"false\" name=\"your-message\"><\/textarea><\/span> <\/label>\n<\/p>\n<p><input class=\"wpcf7-form-control wpcf7-submit has-spinner\" type=\"submit\" value=\"ENVIAR MENSAJE\" \/>\n<\/p><div class=\"wpcf7-response-output\" aria-hidden=\"true\"><\/div>\n<\/form>\n<\/div>\n[\/vc_column][\/vc_row][vc_row overlay_dotted=&#8221;&#8221; css=&#8221;.vc_custom_1488820369248{background-position: center !important;background-repeat: no-repeat !important;background-size: cover !important;}&#8221;][vc_column]    <div class=\"elstn-social-links \">\n            <a class=\" elstn-icon-69fe1580caa6d\" href=\"https:\/\/twitter.com\/ArtPrehispanico\"  target=\"_blank\"><i aria-hidden=\"true\" class=\"fa fa-twitter\"><\/i><\/a>\n            <a class=\" elstn-icon-69fe1580caa6d\" href=\"https:\/\/www.facebook.com\/profile.php?id=100081500889897\"  target=\"_blank\"><i aria-hidden=\"true\" class=\"fa fa-facebook-official\"><\/i><\/a>\n            <a class=\" elstn-icon-69fe1580caa6d\" href=\"https:\/\/www.instagram.com\/arteprehispanico.mx\/\"  target=\"_blank\"><i aria-hidden=\"true\" class=\"fa fa-instagram\"><\/i><\/a>\n            <a class=\" elstn-icon-69fe1580caa6d\" href=\"https:\/\/www.pinterest.com.mx\/arteprehispanicomx\/\"  target=\"_blank\"><i aria-hidden=\"true\" class=\"fa fa-pinterest\"><\/i><\/a>\n          <\/div>\n    [\/vc_column][\/vc_row]<\/p>\n","protected":false},"excerpt":{"rendered":"[vc_row][vc_column][\/vc_column][\/vc_row][vc_row overlay_dotted=&#8221;&#8221; el_class=&#8221;container&#8221; css=&#8221;.vc_custom_1478375621992{padding-top: 100px !important;padding-bottom: 90px !important;}&#8221;][vc_column width=&#8221;1\/3&#8243; css=&#8221;.vc_custom_1488697517715{padding-right: 15px !important;padding-left: 15px","protected":false},"author":1,"featured_media":0,"parent":0,"menu_order":0,"comment_status":"closed","ping_status":"closed","template":"","meta":{"om_disable_all_campaigns":false,"_monsterinsights_skip_tracking":false,"_monsterinsights_sitenote_active":false,"_monsterinsights_sitenote_note":"","_monsterinsights_sitenote_category":0,"footnotes":""},"aioseo_notices":[],"_links":{"self":[{"href":"https:\/\/andresvilchis.mx\/index.php\/wp-json\/wp\/v2\/pages\/1097"}],"collection":[{"href":"https:\/\/andresvilchis.mx\/index.php\/wp-json\/wp\/v2\/pages"}],"about":[{"href":"https:\/\/andresvilchis.mx\/index.php\/wp-json\/wp\/v2\/types\/page"}],"author":[{"embeddable":true,"href":"https:\/\/andresvilchis.mx\/index.php\/wp-json\/wp\/v2\/users\/1"}],"replies":[{"embeddable":true,"href":"https:\/\/andresvilchis.mx\/index.php\/wp-json\/wp\/v2\/comments?post=1097"}],"version-history":[{"count":24,"href":"https:\/\/andresvilchis.mx\/index.php\/wp-json\/wp\/v2\/pages\/1097\/revisions"}],"predecessor-version":[{"id":1172,"href":"https:\/\/andresvilchis.mx\/index.php\/wp-json\/wp\/v2\/pages\/1097\/revisions\/1172"}],"wp:attachment":[{"href":"https:\/\/andresvilchis.mx\/index.php\/wp-json\/wp\/v2\/media?parent=1097"}],"curies":[{"name":"wp","href":"https:\/\/api.w.org\/{rel}","templated":true}]}}