{"id":1126,"date":"2022-09-07T16:02:05","date_gmt":"2022-09-07T21:02:05","guid":{"rendered":"http:\/\/andresvilchis.mx\/?page_id=1126"},"modified":"2022-09-10T02:44:32","modified_gmt":"2022-09-10T07:44:32","slug":"servicios","status":"publish","type":"page","link":"https:\/\/andresvilchis.mx\/index.php\/servicios\/","title":{"rendered":"Servicios"},"content":{"rendered":"<p>[vc_row parallax=&#8221;content-moving&#8221; parallax_image=&#8221;1132&#8243; overlay_dotted=&#8221;&#8221; css=&#8221;.vc_custom_1662795860416{background-position: center;background-repeat: no-repeat !important;background-size: cover !important;}&#8221;][vc_column el_class=&#8221;white-color&#8221;]\n    \n    <div class=\"elstn-top-banner elstn-parallax-text  elstn-text-69f7366982c22\">\n      <div class=\"banner-caption\">\n        <div class=\"elstn-table-container\">\n          <div class=\"elstn-align-container\">\n            <\/p>\n<h1>Estamos trabajando en una nueva<br \/>\nexperiencia digital<\/h1>\n<h4>Me apasiona el dibujo y la escultura;\u00a0Me enorgulleces ser mexicano y plasmar toda nuestra historia.<\/h4>\n<p>          <\/div>\n        <\/div>\n      <\/div>\n    <\/div>\n\n    [\/vc_column][\/vc_row][vc_row overlay_dotted=&#8221;&#8221; el_class=&#8221;elstn-services&#8221; css=&#8221;.vc_custom_1478417934154{background-color: #f7f8f9 !important;}&#8221;][vc_column][vc_row_inner equal_height=&#8221;yes&#8221; content_placement=&#8221;middle&#8221;][vc_column_inner width=&#8221;1\/2&#8243;][vc_single_image image=&#8221;1129&#8243; img_size=&#8221;585&#215;320&#8243; alignment=&#8221;center&#8221;][\/vc_column_inner][vc_column_inner width=&#8221;1\/2&#8243;]      <div class=\"service-info \">\n        <i class=\"et-icon fa fa-paint-brush\"><\/i>\n        <h4>Dibujo<\/h4>\n        <p style=\"line-height:1.7;\">Pr\u00f3ximamente!!<\/p>\n      <\/div>\n      [\/vc_column_inner][\/vc_row_inner][vc_row_inner equal_height=&#8221;yes&#8221; content_placement=&#8221;middle&#8221;][vc_column_inner width=&#8221;1\/2&#8243;]      <div class=\"service-info \">\n        <i class=\"et-icon fa fa-sign-language\"><\/i>\n        <h4>Escultura<\/h4>\n        <p style=\"line-height:1.7;\">Pr\u00f3ximamente!!<\/p>\n      <\/div>\n      [\/vc_column_inner][vc_column_inner width=&#8221;1\/2&#8243;][vc_single_image image=&#8221;1130&#8243; img_size=&#8221;585&#215;320&#8243; alignment=&#8221;center&#8221;][\/vc_column_inner][\/vc_row_inner][vc_row_inner equal_height=&#8221;yes&#8221; content_placement=&#8221;middle&#8221; el_class=&#8221;container service-item&#8221;][vc_column_inner width=&#8221;1\/2&#8243;][vc_single_image image=&#8221;1131&#8243; img_size=&#8221;585&#215;320&#8243; alignment=&#8221;center&#8221;][\/vc_column_inner][vc_column_inner width=&#8221;1\/2&#8243;]      <div class=\"service-info \">\n        <i class=\"et-icon fa fa-shopping-bag\"><\/i>\n        <h4>Productos<\/h4>\n        <p style=\"line-height:1.7;\">Pr\u00f3ximamente nuestra Tienda en L\u00ednea, donde podr\u00e1s adquirir un pedacito de m\u00ed y disfrutar de nuestra riqu\u00edsima Cultura.<\/p>\n      <\/div>\n      [\/vc_column_inner][\/vc_row_inner][\/vc_column][\/vc_row]<\/p>\n","protected":false},"excerpt":{"rendered":"[vc_row parallax=&#8221;content-moving&#8221; parallax_image=&#8221;1132&#8243; overlay_dotted=&#8221;&#8221; css=&#8221;.vc_custom_1662795860416{background-position: center;background-repeat: no-repeat !important;background-size: cover !important;}&#8221;][vc_column el_class=&#8221;white-color&#8221;][\/vc_column][\/vc_row][vc_row overlay_dotted=&#8221;&#8221; el_class=&#8221;elstn-services&#8221;","protected":false},"author":1,"featured_media":0,"parent":0,"menu_order":0,"comment_status":"closed","ping_status":"closed","template":"","meta":{"om_disable_all_campaigns":false,"_monsterinsights_skip_tracking":false,"_monsterinsights_sitenote_active":false,"_monsterinsights_sitenote_note":"","_monsterinsights_sitenote_category":0,"footnotes":""},"aioseo_notices":[],"_links":{"self":[{"href":"https:\/\/andresvilchis.mx\/index.php\/wp-json\/wp\/v2\/pages\/1126"}],"collection":[{"href":"https:\/\/andresvilchis.mx\/index.php\/wp-json\/wp\/v2\/pages"}],"about":[{"href":"https:\/\/andresvilchis.mx\/index.php\/wp-json\/wp\/v2\/types\/page"}],"author":[{"embeddable":true,"href":"https:\/\/andresvilchis.mx\/index.php\/wp-json\/wp\/v2\/users\/1"}],"replies":[{"embeddable":true,"href":"https:\/\/andresvilchis.mx\/index.php\/wp-json\/wp\/v2\/comments?post=1126"}],"version-history":[{"count":20,"href":"https:\/\/andresvilchis.mx\/index.php\/wp-json\/wp\/v2\/pages\/1126\/revisions"}],"predecessor-version":[{"id":1176,"href":"https:\/\/andresvilchis.mx\/index.php\/wp-json\/wp\/v2\/pages\/1126\/revisions\/1176"}],"wp:attachment":[{"href":"https:\/\/andresvilchis.mx\/index.php\/wp-json\/wp\/v2\/media?parent=1126"}],"curies":[{"name":"wp","href":"https:\/\/api.w.org\/{rel}","templated":true}]}}